{"id":51,"date":"2016-02-08T16:26:53","date_gmt":"2016-02-08T15:26:53","guid":{"rendered":"http:\/\/www.euraudit.org\/?page_id=51"},"modified":"2022-03-14T10:06:36","modified_gmt":"2022-03-14T09:06:36","slug":"missions-sociales","status":"publish","type":"page","link":"https:\/\/www.euraudit.org\/index.php\/missions-sociales\/","title":{"rendered":"Missions sociales"},"content":{"rendered":"<div>\n<div id=\"left_menu\">\n<h3>Nos missions<\/h3>\n<ul>\n<li><img loading=\"lazy\" decoding=\"async\" src=\"http:\/\/www.euraudit.org\/wp-content\/uploads\/2016\/03\/audit-e1457695649558-60x62.png\" alt=\"audit\" width=\"30\" height=\"32\" class=\"alignnone size-parallax_one_services wp-image-136\" srcset=\"https:\/\/www.euraudit.org\/wp-content\/uploads\/2016\/03\/audit-e1457695649558-60x62.png 60w, https:\/\/www.euraudit.org\/wp-content\/uploads\/2016\/03\/audit-e1457695649558-268x273.png 268w\" sizes=\"auto, (max-width: 30px) 100vw, 30px\" \/><a href=\"http:\/\/www.euraudit.org\/index.php\/mission-daudit\/\">Missions d&#8217;audit<\/a><\/li>\n<li><img loading=\"lazy\" decoding=\"async\" src=\"http:\/\/www.euraudit.org\/wp-content\/uploads\/2016\/03\/comptable-e1457695616213-60x62.png\" alt=\"comptable\" width=\"30\" height=\"32\" class=\"alignnone size-parallax_one_services wp-image-137\" srcset=\"https:\/\/www.euraudit.org\/wp-content\/uploads\/2016\/03\/comptable-e1457695616213-60x62.png 60w, https:\/\/www.euraudit.org\/wp-content\/uploads\/2016\/03\/comptable-e1457695616213-268x273.png 268w\" sizes=\"auto, (max-width: 30px) 100vw, 30px\" \/><a href=\"http:\/\/www.euraudit.org\/index.php\/expertise-comptable\/ \">Expertise comptable<\/a><\/li>\n<li><img decoding=\"async\" src=\"http:\/\/www.euraudit.org\/wp-content\/uploads\/2016\/03\/gestion-60x62.png\" alt=\"gestion\" width=\"30\" class=\"alignnone size-parallax_one_services wp-image-139\" srcset=\"https:\/\/www.euraudit.org\/wp-content\/uploads\/2016\/03\/gestion-60x62.png 60w, https:\/\/www.euraudit.org\/wp-content\/uploads\/2016\/03\/gestion-268x273.png 268w\" sizes=\"(max-width: 60px) 100vw, 60px\" \/><a href=\"http:\/\/www.euraudit.org\/index.php\/conseil-en-gestion\/\">Conseil en gestion<\/a><\/li>\n<li><img loading=\"lazy\" decoding=\"async\" src=\"http:\/\/www.euraudit.org\/wp-content\/uploads\/2016\/03\/juridique-1-60x62.png\" alt=\"juridique\" width=\"30\" height=\"32\" class=\"alignnone size-parallax_one_services wp-image-159\" srcset=\"https:\/\/www.euraudit.org\/wp-content\/uploads\/2016\/03\/juridique-1-60x62.png 60w, https:\/\/www.euraudit.org\/wp-content\/uploads\/2016\/03\/juridique-1-268x273.png 268w\" sizes=\"auto, (max-width: 30px) 100vw, 30px\" \/><a href=\"http:\/\/www.euraudit.org\/index.php\/missions-juridiques\/\">Missions juridiques<\/a><\/li>\n<li class=\"current\"><img decoding=\"async\" src=\"http:\/\/www.euraudit.org\/wp-content\/uploads\/2016\/03\/social-e1457695469478-60x62.png\" alt=\"social\" width=\"30\" class=\"alignnone size-parallax_one_services wp-image-131\" srcset=\"https:\/\/www.euraudit.org\/wp-content\/uploads\/2016\/03\/social-e1457695469478-60x62.png 60w, https:\/\/www.euraudit.org\/wp-content\/uploads\/2016\/03\/social-e1457695469478-297x300.png 297w, https:\/\/www.euraudit.org\/wp-content\/uploads\/2016\/03\/social-e1457695469478-268x273.png 268w, https:\/\/www.euraudit.org\/wp-content\/uploads\/2016\/03\/social-e1457695469478.png 371w\" sizes=\"(max-width: 60px) 100vw, 60px\" \/><a href=\"http:\/\/www.euraudit.org\/index.php\/missions-sociales\/\">Missions sociales<\/a><\/li>\n<li><img decoding=\"async\" src=\"http:\/\/www.euraudit.org\/wp-content\/uploads\/2016\/03\/fiscal-60x62.png\" alt=\"fiscal\" width=\"30\" class=\"alignnone size-parallax_one_services wp-image-135\" srcset=\"https:\/\/www.euraudit.org\/wp-content\/uploads\/2016\/03\/fiscal-60x62.png 60w, https:\/\/www.euraudit.org\/wp-content\/uploads\/2016\/03\/fiscal-268x273.png 268w\" sizes=\"(max-width: 60px) 100vw, 60px\" \/><a href=\"http:\/\/www.euraudit.org\/index.php\/missions-fiscales-2\/\">Missions fiscales<\/a><\/li>\n<\/ul>\n<\/div>\n<div id=\"page\">\n<p><img loading=\"lazy\" decoding=\"async\" class=\"size-full wp-image-30 aligncenter\" src=\"http:\/\/www.euraudit.org\/wp-content\/uploads\/2016\/01\/icones-4-e1453475285280.png\" alt=\"icones\" width=\"93\" height=\"87\"><\/p>\n<p>&nbsp;<\/p>\n<p>Euraudit vous accompagne au quotidien :<\/p>\n<ul>\n<li>Etudes et consultations en mati\u00e8re de droit du travail et de l\u00e9gislation sociale<\/li>\n<li>Formalit\u00e9s d&#8217;embauche, aides \u00e0 l&#8217;embauche et assistance au recrutement<\/li>\n<li>R\u00e9daction de contrats de travail<\/li>\n<li>Etablissement des bulletins de paie et d\u00e9clarations sociales<\/li>\n<li>Formalit\u00e9s li\u00e9es \u00e0 la rupture de contrats de travail<\/li>\n<li>Assistance en cas de contr\u00f4le par les organismes sociaux<\/li>\n<li>Repr\u00e9sentation du personnel (d\u00e9l\u00e9gu\u00e9s du personnel, comit\u00e9 d&#8217;entreprise\u2026)<\/li>\n<li>Conseil dans le choix du statut social du dirigeant<\/li>\n<\/ul>\n<p><img loading=\"lazy\" decoding=\"async\" class=\"aligncenter wp-image-68 size-large\" src=\"http:\/\/www.euraudit.org\/wp-content\/uploads\/2016\/02\/dessus-banniere-ok-e1454946841489-1024x414.png\" alt=\"dessus banniere ok\" width=\"730\" height=\"295\" srcset=\"https:\/\/www.euraudit.org\/wp-content\/uploads\/2016\/02\/dessus-banniere-ok-e1454946841489-1024x414.png 1024w, https:\/\/www.euraudit.org\/wp-content\/uploads\/2016\/02\/dessus-banniere-ok-e1454946841489-300x121.png 300w, https:\/\/www.euraudit.org\/wp-content\/uploads\/2016\/02\/dessus-banniere-ok-e1454946841489-768x311.png 768w\" sizes=\"auto, (max-width: 730px) 100vw, 730px\" \/><\/p>\n<\/div>\n<\/div>\n","protected":false},"excerpt":{"rendered":"<p>Nos missions Missions d&#8217;audit Expertise comptable Conseil en gestion Missions juridiques Missions sociales Missions fiscales &nbsp; Euraudit vous accompagne au quotidien : Etudes et consultations en mati\u00e8re de droit du travail et de l\u00e9gislation sociale Formalit\u00e9s d&#8217;embauche, aides \u00e0 l&#8217;embauche et assistance au recrutement R\u00e9daction de contrats de travail Etablissement des bulletins de paie et [&hellip;]<\/p>\n","protected":false},"author":1,"featured_media":0,"parent":0,"menu_order":0,"comment_status":"closed","ping_status":"closed","template":"","meta":{"footnotes":""},"class_list":["post-51","page","type-page","status-publish","hentry"],"yoast_head":"<!-- This site is optimized with the Yoast SEO plugin v25.4 - https:\/\/yoast.com\/wordpress\/plugins\/seo\/ -->\n<title>Missions sociales - Euraudit - Expertise comptable<\/title>\n<meta name=\"description\" content=\"Euraudit - Expertise comptablepour les Missions sociales ,Etudes et consultations en mati\u00e8re de droit du travail et de l\u00e9gislation sociale.\" \/>\n<meta name=\"robots\" content=\"index, follow, max-snippet:-1, max-image-preview:large, max-video-preview:-1\" \/>\n<link rel=\"canonical\" href=\"https:\/\/www.euraudit.org\/index.php\/missions-sociales\/\" \/>\n<meta property=\"og:locale\" content=\"fr_FR\" \/>\n<meta property=\"og:type\" content=\"article\" \/>\n<meta property=\"og:title\" content=\"Euraudit - Expertise comptable - Expert Comptable\" \/>\n<meta property=\"og:description\" content=\"Euraudit - Expertise comptable - Expert Comptable : Comptable \u00e0 Schiltigheim\" \/>\n<meta property=\"og:url\" content=\"https:\/\/www.euraudit.org\/index.php\/missions-sociales\/\" \/>\n<meta property=\"og:site_name\" content=\"Euraudit - Expertise comptable\" \/>\n<meta property=\"article:publisher\" content=\"https:\/\/www.facebook.com\/Euraudit-Expert-Comptable-492119364153726\/\" \/>\n<meta property=\"article:modified_time\" content=\"2022-03-14T09:06:36+00:00\" \/>\n<meta property=\"og:image\" content=\"https:\/\/www.euraudit.org\/wp-content\/uploads\/2022\/03\/euraudit.jpg\" \/>\n\t<meta property=\"og:image:width\" content=\"970\" \/>\n\t<meta property=\"og:image:height\" content=\"350\" \/>\n\t<meta property=\"og:image:type\" content=\"image\/jpeg\" \/>\n<meta name=\"twitter:card\" content=\"summary_large_image\" \/>\n<meta name=\"twitter:label1\" content=\"Dur\u00e9e de lecture estim\u00e9e\" \/>\n\t<meta name=\"twitter:data1\" content=\"3 minutes\" \/>\n<script type=\"application\/ld+json\" class=\"yoast-schema-graph\">{\"@context\":\"https:\/\/schema.org\",\"@graph\":[{\"@type\":\"WebPage\",\"@id\":\"https:\/\/www.euraudit.org\/index.php\/missions-sociales\/\",\"url\":\"https:\/\/www.euraudit.org\/index.php\/missions-sociales\/\",\"name\":\"Missions sociales - Euraudit - Expertise comptable\",\"isPartOf\":{\"@id\":\"https:\/\/www.euraudit.org\/#website\"},\"primaryImageOfPage\":{\"@id\":\"https:\/\/www.euraudit.org\/index.php\/missions-sociales\/#primaryimage\"},\"image\":{\"@id\":\"https:\/\/www.euraudit.org\/index.php\/missions-sociales\/#primaryimage\"},\"thumbnailUrl\":\"http:\/\/www.euraudit.org\/wp-content\/uploads\/2016\/03\/audit-e1457695649558-60x62.png\",\"datePublished\":\"2016-02-08T15:26:53+00:00\",\"dateModified\":\"2022-03-14T09:06:36+00:00\",\"description\":\"Euraudit - Expertise comptablepour les Missions sociales ,Etudes et consultations en mati\u00e8re de droit du travail et de l\u00e9gislation sociale.\",\"breadcrumb\":{\"@id\":\"https:\/\/www.euraudit.org\/index.php\/missions-sociales\/#breadcrumb\"},\"inLanguage\":\"fr-FR\",\"potentialAction\":[{\"@type\":\"ReadAction\",\"target\":[\"https:\/\/www.euraudit.org\/index.php\/missions-sociales\/\"]}]},{\"@type\":\"ImageObject\",\"inLanguage\":\"fr-FR\",\"@id\":\"https:\/\/www.euraudit.org\/index.php\/missions-sociales\/#primaryimage\",\"url\":\"https:\/\/www.euraudit.org\/wp-content\/uploads\/2016\/03\/audit-e1457695649558.png\",\"contentUrl\":\"https:\/\/www.euraudit.org\/wp-content\/uploads\/2016\/03\/audit-e1457695649558.png\",\"width\":360,\"height\":348,\"caption\":\"Mission d'audit\"},{\"@type\":\"BreadcrumbList\",\"@id\":\"https:\/\/www.euraudit.org\/index.php\/missions-sociales\/#breadcrumb\",\"itemListElement\":[{\"@type\":\"ListItem\",\"position\":1,\"name\":\"Accueil\",\"item\":\"https:\/\/www.euraudit.org\/\"},{\"@type\":\"ListItem\",\"position\":2,\"name\":\"Missions sociales\"}]},{\"@type\":\"WebSite\",\"@id\":\"https:\/\/www.euraudit.org\/#website\",\"url\":\"https:\/\/www.euraudit.org\/\",\"name\":\"Euraudit - Expertise comptable\",\"description\":\"\",\"publisher\":{\"@id\":\"https:\/\/www.euraudit.org\/#organization\"},\"potentialAction\":[{\"@type\":\"SearchAction\",\"target\":{\"@type\":\"EntryPoint\",\"urlTemplate\":\"https:\/\/www.euraudit.org\/?s={search_term_string}\"},\"query-input\":{\"@type\":\"PropertyValueSpecification\",\"valueRequired\":true,\"valueName\":\"search_term_string\"}}],\"inLanguage\":\"fr-FR\"},{\"@type\":\"Organization\",\"@id\":\"https:\/\/www.euraudit.org\/#organization\",\"name\":\"Euraudit\",\"url\":\"https:\/\/www.euraudit.org\/\",\"logo\":{\"@type\":\"ImageObject\",\"inLanguage\":\"fr-FR\",\"@id\":\"https:\/\/www.euraudit.org\/#\/schema\/logo\/image\/\",\"url\":\"https:\/\/www.euraudit.org\/wp-content\/uploads\/2016\/01\/logo.png\",\"contentUrl\":\"https:\/\/www.euraudit.org\/wp-content\/uploads\/2016\/01\/logo.png\",\"width\":177,\"height\":40,\"caption\":\"Euraudit\"},\"image\":{\"@id\":\"https:\/\/www.euraudit.org\/#\/schema\/logo\/image\/\"},\"sameAs\":[\"https:\/\/www.facebook.com\/Euraudit-Expert-Comptable-492119364153726\/\"]}]}<\/script>\n<!-- \/ Yoast SEO plugin. -->","yoast_head_json":{"title":"Missions sociales - Euraudit - Expertise comptable","description":"Euraudit - Expertise comptablepour les Missions sociales ,Etudes et consultations en mati\u00e8re de droit du travail et de l\u00e9gislation sociale.","robots":{"index":"index","follow":"follow","max-snippet":"max-snippet:-1","max-image-preview":"max-image-preview:large","max-video-preview":"max-video-preview:-1"},"canonical":"https:\/\/www.euraudit.org\/index.php\/missions-sociales\/","og_locale":"fr_FR","og_type":"article","og_title":"Euraudit - Expertise comptable - Expert Comptable","og_description":"Euraudit - Expertise comptable - Expert Comptable : Comptable \u00e0 Schiltigheim","og_url":"https:\/\/www.euraudit.org\/index.php\/missions-sociales\/","og_site_name":"Euraudit - Expertise comptable","article_publisher":"https:\/\/www.facebook.com\/Euraudit-Expert-Comptable-492119364153726\/","article_modified_time":"2022-03-14T09:06:36+00:00","og_image":[{"width":970,"height":350,"url":"https:\/\/www.euraudit.org\/wp-content\/uploads\/2022\/03\/euraudit.jpg","type":"image\/jpeg"}],"twitter_card":"summary_large_image","twitter_misc":{"Dur\u00e9e de lecture estim\u00e9e":"3 minutes"},"schema":{"@context":"https:\/\/schema.org","@graph":[{"@type":"WebPage","@id":"https:\/\/www.euraudit.org\/index.php\/missions-sociales\/","url":"https:\/\/www.euraudit.org\/index.php\/missions-sociales\/","name":"Missions sociales - Euraudit - Expertise comptable","isPartOf":{"@id":"https:\/\/www.euraudit.org\/#website"},"primaryImageOfPage":{"@id":"https:\/\/www.euraudit.org\/index.php\/missions-sociales\/#primaryimage"},"image":{"@id":"https:\/\/www.euraudit.org\/index.php\/missions-sociales\/#primaryimage"},"thumbnailUrl":"http:\/\/www.euraudit.org\/wp-content\/uploads\/2016\/03\/audit-e1457695649558-60x62.png","datePublished":"2016-02-08T15:26:53+00:00","dateModified":"2022-03-14T09:06:36+00:00","description":"Euraudit - Expertise comptablepour les Missions sociales ,Etudes et consultations en mati\u00e8re de droit du travail et de l\u00e9gislation sociale.","breadcrumb":{"@id":"https:\/\/www.euraudit.org\/index.php\/missions-sociales\/#breadcrumb"},"inLanguage":"fr-FR","potentialAction":[{"@type":"ReadAction","target":["https:\/\/www.euraudit.org\/index.php\/missions-sociales\/"]}]},{"@type":"ImageObject","inLanguage":"fr-FR","@id":"https:\/\/www.euraudit.org\/index.php\/missions-sociales\/#primaryimage","url":"https:\/\/www.euraudit.org\/wp-content\/uploads\/2016\/03\/audit-e1457695649558.png","contentUrl":"https:\/\/www.euraudit.org\/wp-content\/uploads\/2016\/03\/audit-e1457695649558.png","width":360,"height":348,"caption":"Mission d'audit"},{"@type":"BreadcrumbList","@id":"https:\/\/www.euraudit.org\/index.php\/missions-sociales\/#breadcrumb","itemListElement":[{"@type":"ListItem","position":1,"name":"Accueil","item":"https:\/\/www.euraudit.org\/"},{"@type":"ListItem","position":2,"name":"Missions sociales"}]},{"@type":"WebSite","@id":"https:\/\/www.euraudit.org\/#website","url":"https:\/\/www.euraudit.org\/","name":"Euraudit - Expertise comptable","description":"","publisher":{"@id":"https:\/\/www.euraudit.org\/#organization"},"potentialAction":[{"@type":"SearchAction","target":{"@type":"EntryPoint","urlTemplate":"https:\/\/www.euraudit.org\/?s={search_term_string}"},"query-input":{"@type":"PropertyValueSpecification","valueRequired":true,"valueName":"search_term_string"}}],"inLanguage":"fr-FR"},{"@type":"Organization","@id":"https:\/\/www.euraudit.org\/#organization","name":"Euraudit","url":"https:\/\/www.euraudit.org\/","logo":{"@type":"ImageObject","inLanguage":"fr-FR","@id":"https:\/\/www.euraudit.org\/#\/schema\/logo\/image\/","url":"https:\/\/www.euraudit.org\/wp-content\/uploads\/2016\/01\/logo.png","contentUrl":"https:\/\/www.euraudit.org\/wp-content\/uploads\/2016\/01\/logo.png","width":177,"height":40,"caption":"Euraudit"},"image":{"@id":"https:\/\/www.euraudit.org\/#\/schema\/logo\/image\/"},"sameAs":["https:\/\/www.facebook.com\/Euraudit-Expert-Comptable-492119364153726\/"]}]}},"_links":{"self":[{"href":"https:\/\/www.euraudit.org\/index.php\/wp-json\/wp\/v2\/pages\/51","targetHints":{"allow":["GET"]}}],"collection":[{"href":"https:\/\/www.euraudit.org\/index.php\/wp-json\/wp\/v2\/pages"}],"about":[{"href":"https:\/\/www.euraudit.org\/index.php\/wp-json\/wp\/v2\/types\/page"}],"author":[{"embeddable":true,"href":"https:\/\/www.euraudit.org\/index.php\/wp-json\/wp\/v2\/users\/1"}],"replies":[{"embeddable":true,"href":"https:\/\/www.euraudit.org\/index.php\/wp-json\/wp\/v2\/comments?post=51"}],"version-history":[{"count":8,"href":"https:\/\/www.euraudit.org\/index.php\/wp-json\/wp\/v2\/pages\/51\/revisions"}],"predecessor-version":[{"id":336,"href":"https:\/\/www.euraudit.org\/index.php\/wp-json\/wp\/v2\/pages\/51\/revisions\/336"}],"wp:attachment":[{"href":"https:\/\/www.euraudit.org\/index.php\/wp-json\/wp\/v2\/media?parent=51"}],"curies":[{"name":"wp","href":"https:\/\/api.w.org\/{rel}","templated":true}]}}