{"id":48,"date":"2016-02-08T16:20:57","date_gmt":"2016-02-08T15:20:57","guid":{"rendered":"http:\/\/www.euraudit.org\/?page_id=48"},"modified":"2022-03-14T09:38:45","modified_gmt":"2022-03-14T08:38:45","slug":"mission-daudit","status":"publish","type":"page","link":"https:\/\/www.euraudit.org\/index.php\/mission-daudit\/","title":{"rendered":"Missions d&#8217;audit"},"content":{"rendered":"<div>\n<div id=\"left_menu\">\n<h3>Nos missions<\/h3>\n<ul>\n<li class=\"current\"><img loading=\"lazy\" decoding=\"async\" class=\"alignnone size-parallax_one_services wp-image-136\" src=\"http:\/\/www.euraudit.org\/wp-content\/uploads\/2016\/03\/audit-e1457695649558-60x62.png\" alt=\"audit\" width=\"30\" height=\"32\" srcset=\"https:\/\/www.euraudit.org\/wp-content\/uploads\/2016\/03\/audit-e1457695649558-60x62.png 60w, https:\/\/www.euraudit.org\/wp-content\/uploads\/2016\/03\/audit-e1457695649558-268x273.png 268w\" sizes=\"auto, (max-width: 30px) 100vw, 30px\" \/><a href=\"http:\/\/www.euraudit.org\/index.php\/mission-daudit\/\">Missions d&#8217;audit<\/a><\/li>\n<li><img loading=\"lazy\" decoding=\"async\" class=\"alignnone size-parallax_one_services wp-image-137\" src=\"http:\/\/www.euraudit.org\/wp-content\/uploads\/2016\/03\/comptable-e1457695616213-60x62.png\" alt=\"comptable\" width=\"30\" height=\"32\" srcset=\"https:\/\/www.euraudit.org\/wp-content\/uploads\/2016\/03\/comptable-e1457695616213-60x62.png 60w, https:\/\/www.euraudit.org\/wp-content\/uploads\/2016\/03\/comptable-e1457695616213-268x273.png 268w\" sizes=\"auto, (max-width: 30px) 100vw, 30px\" \/><a href=\"http:\/\/www.euraudit.org\/index.php\/expertise-comptable\/ \">Expertise comptable<\/a><\/li>\n<li><img decoding=\"async\" class=\"alignnone size-parallax_one_services wp-image-139\" src=\"http:\/\/www.euraudit.org\/wp-content\/uploads\/2016\/03\/gestion-60x62.png\" alt=\"gestion\" width=\"30\" srcset=\"https:\/\/www.euraudit.org\/wp-content\/uploads\/2016\/03\/gestion-60x62.png 60w, https:\/\/www.euraudit.org\/wp-content\/uploads\/2016\/03\/gestion-268x273.png 268w\" sizes=\"(max-width: 60px) 100vw, 60px\" \/><a href=\"http:\/\/www.euraudit.org\/index.php\/conseil-en-gestion\/\">Conseil en gestion<\/a><\/li>\n<li><img loading=\"lazy\" decoding=\"async\" class=\"alignnone size-parallax_one_services wp-image-159\" src=\"http:\/\/www.euraudit.org\/wp-content\/uploads\/2016\/03\/juridique-1-60x62.png\" alt=\"juridique\" width=\"30\" height=\"32\" srcset=\"https:\/\/www.euraudit.org\/wp-content\/uploads\/2016\/03\/juridique-1-60x62.png 60w, https:\/\/www.euraudit.org\/wp-content\/uploads\/2016\/03\/juridique-1-268x273.png 268w\" sizes=\"auto, (max-width: 30px) 100vw, 30px\" \/><a href=\"http:\/\/www.euraudit.org\/index.php\/missions-juridiques\/\">Missions juridiques<\/a><\/li>\n<li><img decoding=\"async\" class=\"alignnone size-parallax_one_services wp-image-131\" src=\"http:\/\/www.euraudit.org\/wp-content\/uploads\/2016\/03\/social-e1457695469478-60x62.png\" alt=\"social\" width=\"30\" srcset=\"https:\/\/www.euraudit.org\/wp-content\/uploads\/2016\/03\/social-e1457695469478-60x62.png 60w, https:\/\/www.euraudit.org\/wp-content\/uploads\/2016\/03\/social-e1457695469478-297x300.png 297w, https:\/\/www.euraudit.org\/wp-content\/uploads\/2016\/03\/social-e1457695469478-268x273.png 268w, https:\/\/www.euraudit.org\/wp-content\/uploads\/2016\/03\/social-e1457695469478.png 371w\" sizes=\"(max-width: 60px) 100vw, 60px\" \/><a href=\"http:\/\/www.euraudit.org\/index.php\/missions-sociales\/\">Missions sociales<\/a><\/li>\n<li><img decoding=\"async\" class=\"alignnone size-parallax_one_services wp-image-135\" src=\"http:\/\/www.euraudit.org\/wp-content\/uploads\/2016\/03\/fiscal-60x62.png\" alt=\"fiscal\" width=\"30\" srcset=\"https:\/\/www.euraudit.org\/wp-content\/uploads\/2016\/03\/fiscal-60x62.png 60w, https:\/\/www.euraudit.org\/wp-content\/uploads\/2016\/03\/fiscal-268x273.png 268w\" sizes=\"(max-width: 60px) 100vw, 60px\" \/><a href=\"http:\/\/www.euraudit.org\/index.php\/missions-fiscales-2\/\">Missions fiscales<\/a><\/li>\n<\/ul>\n<\/div>\n<div id=\"page\">\n<p><img loading=\"lazy\" decoding=\"async\" class=\"alignnone size-full wp-image-26 aligncenter\" src=\"http:\/\/www.euraudit.org\/wp-content\/uploads\/2016\/01\/icones-e1453474737523.png\" alt=\"icones\" width=\"90\" height=\"84\"><\/p>\n<p>&nbsp;<\/p>\n<p>Euraudit vous accompagne au quotidien :<\/p>\n<ul>\n<li>Audit l\u00e9gal<\/li>\n<li>Commissariat aux apports, \u00e0 la transformation et \u00e0 la fusion<\/li>\n<li>Audit contractuel<\/li>\n<\/ul>\n<p><img loading=\"lazy\" decoding=\"async\" class=\"aligncenter wp-image-68 size-large\" src=\"http:\/\/www.euraudit.org\/wp-content\/uploads\/2016\/02\/dessus-banniere-ok-e1454946841489-1024x414.png\" alt=\"dessus banniere ok\" width=\"730\" height=\"295\" srcset=\"https:\/\/www.euraudit.org\/wp-content\/uploads\/2016\/02\/dessus-banniere-ok-e1454946841489-1024x414.png 1024w, https:\/\/www.euraudit.org\/wp-content\/uploads\/2016\/02\/dessus-banniere-ok-e1454946841489-300x121.png 300w, https:\/\/www.euraudit.org\/wp-content\/uploads\/2016\/02\/dessus-banniere-ok-e1454946841489-768x311.png 768w\" sizes=\"auto, (max-width: 730px) 100vw, 730px\" \/><\/p>\n<\/div>\n<\/div>\n","protected":false},"excerpt":{"rendered":"<p>Nos missions Missions d&#8217;audit Expertise comptable Conseil en gestion Missions juridiques Missions sociales Missions fiscales &nbsp; Euraudit vous accompagne au quotidien : Audit l\u00e9gal Commissariat aux apports, \u00e0 la transformation et \u00e0 la fusion Audit contractuel<\/p>\n","protected":false},"author":1,"featured_media":0,"parent":0,"menu_order":0,"comment_status":"closed","ping_status":"closed","template":"","meta":{"footnotes":""},"class_list":["post-48","page","type-page","status-publish","hentry"],"yoast_head":"<!-- This site is optimized with the Yoast SEO plugin v25.4 - https:\/\/yoast.com\/wordpress\/plugins\/seo\/ -->\n<title>Missions d&#039;audit - Euraudit - Expertise comptable<\/title>\n<meta name=\"description\" content=\"Euraudit vous accompagne au quotidien: Audit l\u00e9gal, commissariat aux apports, \u00e0 la transformation et \u00e0 la fusion et pour audit contractuel\" \/>\n<meta name=\"robots\" content=\"index, follow, max-snippet:-1, max-image-preview:large, max-video-preview:-1\" \/>\n<link rel=\"canonical\" href=\"https:\/\/www.euraudit.org\/index.php\/mission-daudit\/\" \/>\n<meta property=\"og:locale\" content=\"fr_FR\" \/>\n<meta property=\"og:type\" content=\"article\" \/>\n<meta property=\"og:title\" content=\"Euraudit - Expertise comptable Missions d&#039;audit\" \/>\n<meta property=\"og:description\" content=\"Euraudit - Expert Comptable : Comptable \u00e0 Schiltigheim\" \/>\n<meta property=\"og:url\" content=\"https:\/\/www.euraudit.org\/index.php\/mission-daudit\/\" \/>\n<meta property=\"og:site_name\" content=\"Euraudit - Expertise comptable\" \/>\n<meta property=\"article:publisher\" content=\"https:\/\/www.facebook.com\/Euraudit-Expert-Comptable-492119364153726\/\" \/>\n<meta property=\"article:modified_time\" content=\"2022-03-14T08:38:45+00:00\" \/>\n<meta property=\"og:image\" content=\"https:\/\/www.euraudit.org\/wp-content\/uploads\/2022\/03\/euraudit.jpg\" \/>\n\t<meta property=\"og:image:width\" content=\"970\" \/>\n\t<meta property=\"og:image:height\" content=\"350\" \/>\n\t<meta property=\"og:image:type\" content=\"image\/jpeg\" \/>\n<meta name=\"twitter:card\" content=\"summary_large_image\" \/>\n<meta name=\"twitter:label1\" content=\"Dur\u00e9e de lecture estim\u00e9e\" \/>\n\t<meta name=\"twitter:data1\" content=\"2 minutes\" \/>\n<script type=\"application\/ld+json\" class=\"yoast-schema-graph\">{\"@context\":\"https:\/\/schema.org\",\"@graph\":[{\"@type\":\"WebPage\",\"@id\":\"https:\/\/www.euraudit.org\/index.php\/mission-daudit\/\",\"url\":\"https:\/\/www.euraudit.org\/index.php\/mission-daudit\/\",\"name\":\"Missions d'audit - Euraudit - Expertise comptable\",\"isPartOf\":{\"@id\":\"https:\/\/www.euraudit.org\/#website\"},\"primaryImageOfPage\":{\"@id\":\"https:\/\/www.euraudit.org\/index.php\/mission-daudit\/#primaryimage\"},\"image\":{\"@id\":\"https:\/\/www.euraudit.org\/index.php\/mission-daudit\/#primaryimage\"},\"thumbnailUrl\":\"http:\/\/www.euraudit.org\/wp-content\/uploads\/2016\/03\/audit-e1457695649558-60x62.png\",\"datePublished\":\"2016-02-08T15:20:57+00:00\",\"dateModified\":\"2022-03-14T08:38:45+00:00\",\"description\":\"Euraudit vous accompagne au quotidien: Audit l\u00e9gal, commissariat aux apports, \u00e0 la transformation et \u00e0 la fusion et pour audit contractuel\",\"breadcrumb\":{\"@id\":\"https:\/\/www.euraudit.org\/index.php\/mission-daudit\/#breadcrumb\"},\"inLanguage\":\"fr-FR\",\"potentialAction\":[{\"@type\":\"ReadAction\",\"target\":[\"https:\/\/www.euraudit.org\/index.php\/mission-daudit\/\"]}]},{\"@type\":\"ImageObject\",\"inLanguage\":\"fr-FR\",\"@id\":\"https:\/\/www.euraudit.org\/index.php\/mission-daudit\/#primaryimage\",\"url\":\"https:\/\/www.euraudit.org\/wp-content\/uploads\/2016\/03\/audit-e1457695649558.png\",\"contentUrl\":\"https:\/\/www.euraudit.org\/wp-content\/uploads\/2016\/03\/audit-e1457695649558.png\",\"width\":360,\"height\":348,\"caption\":\"Mission d'audit\"},{\"@type\":\"BreadcrumbList\",\"@id\":\"https:\/\/www.euraudit.org\/index.php\/mission-daudit\/#breadcrumb\",\"itemListElement\":[{\"@type\":\"ListItem\",\"position\":1,\"name\":\"Accueil\",\"item\":\"https:\/\/www.euraudit.org\/\"},{\"@type\":\"ListItem\",\"position\":2,\"name\":\"Missions d&#8217;audit\"}]},{\"@type\":\"WebSite\",\"@id\":\"https:\/\/www.euraudit.org\/#website\",\"url\":\"https:\/\/www.euraudit.org\/\",\"name\":\"Euraudit - Expertise comptable\",\"description\":\"\",\"publisher\":{\"@id\":\"https:\/\/www.euraudit.org\/#organization\"},\"potentialAction\":[{\"@type\":\"SearchAction\",\"target\":{\"@type\":\"EntryPoint\",\"urlTemplate\":\"https:\/\/www.euraudit.org\/?s={search_term_string}\"},\"query-input\":{\"@type\":\"PropertyValueSpecification\",\"valueRequired\":true,\"valueName\":\"search_term_string\"}}],\"inLanguage\":\"fr-FR\"},{\"@type\":\"Organization\",\"@id\":\"https:\/\/www.euraudit.org\/#organization\",\"name\":\"Euraudit\",\"url\":\"https:\/\/www.euraudit.org\/\",\"logo\":{\"@type\":\"ImageObject\",\"inLanguage\":\"fr-FR\",\"@id\":\"https:\/\/www.euraudit.org\/#\/schema\/logo\/image\/\",\"url\":\"https:\/\/www.euraudit.org\/wp-content\/uploads\/2016\/01\/logo.png\",\"contentUrl\":\"https:\/\/www.euraudit.org\/wp-content\/uploads\/2016\/01\/logo.png\",\"width\":177,\"height\":40,\"caption\":\"Euraudit\"},\"image\":{\"@id\":\"https:\/\/www.euraudit.org\/#\/schema\/logo\/image\/\"},\"sameAs\":[\"https:\/\/www.facebook.com\/Euraudit-Expert-Comptable-492119364153726\/\"]}]}<\/script>\n<!-- \/ Yoast SEO plugin. -->","yoast_head_json":{"title":"Missions d'audit - Euraudit - Expertise comptable","description":"Euraudit vous accompagne au quotidien: Audit l\u00e9gal, commissariat aux apports, \u00e0 la transformation et \u00e0 la fusion et pour audit contractuel","robots":{"index":"index","follow":"follow","max-snippet":"max-snippet:-1","max-image-preview":"max-image-preview:large","max-video-preview":"max-video-preview:-1"},"canonical":"https:\/\/www.euraudit.org\/index.php\/mission-daudit\/","og_locale":"fr_FR","og_type":"article","og_title":"Euraudit - Expertise comptable Missions d'audit","og_description":"Euraudit - Expert Comptable : Comptable \u00e0 Schiltigheim","og_url":"https:\/\/www.euraudit.org\/index.php\/mission-daudit\/","og_site_name":"Euraudit - Expertise comptable","article_publisher":"https:\/\/www.facebook.com\/Euraudit-Expert-Comptable-492119364153726\/","article_modified_time":"2022-03-14T08:38:45+00:00","og_image":[{"width":970,"height":350,"url":"https:\/\/www.euraudit.org\/wp-content\/uploads\/2022\/03\/euraudit.jpg","type":"image\/jpeg"}],"twitter_card":"summary_large_image","twitter_misc":{"Dur\u00e9e de lecture estim\u00e9e":"2 minutes"},"schema":{"@context":"https:\/\/schema.org","@graph":[{"@type":"WebPage","@id":"https:\/\/www.euraudit.org\/index.php\/mission-daudit\/","url":"https:\/\/www.euraudit.org\/index.php\/mission-daudit\/","name":"Missions d'audit - Euraudit - Expertise comptable","isPartOf":{"@id":"https:\/\/www.euraudit.org\/#website"},"primaryImageOfPage":{"@id":"https:\/\/www.euraudit.org\/index.php\/mission-daudit\/#primaryimage"},"image":{"@id":"https:\/\/www.euraudit.org\/index.php\/mission-daudit\/#primaryimage"},"thumbnailUrl":"http:\/\/www.euraudit.org\/wp-content\/uploads\/2016\/03\/audit-e1457695649558-60x62.png","datePublished":"2016-02-08T15:20:57+00:00","dateModified":"2022-03-14T08:38:45+00:00","description":"Euraudit vous accompagne au quotidien: Audit l\u00e9gal, commissariat aux apports, \u00e0 la transformation et \u00e0 la fusion et pour audit contractuel","breadcrumb":{"@id":"https:\/\/www.euraudit.org\/index.php\/mission-daudit\/#breadcrumb"},"inLanguage":"fr-FR","potentialAction":[{"@type":"ReadAction","target":["https:\/\/www.euraudit.org\/index.php\/mission-daudit\/"]}]},{"@type":"ImageObject","inLanguage":"fr-FR","@id":"https:\/\/www.euraudit.org\/index.php\/mission-daudit\/#primaryimage","url":"https:\/\/www.euraudit.org\/wp-content\/uploads\/2016\/03\/audit-e1457695649558.png","contentUrl":"https:\/\/www.euraudit.org\/wp-content\/uploads\/2016\/03\/audit-e1457695649558.png","width":360,"height":348,"caption":"Mission d'audit"},{"@type":"BreadcrumbList","@id":"https:\/\/www.euraudit.org\/index.php\/mission-daudit\/#breadcrumb","itemListElement":[{"@type":"ListItem","position":1,"name":"Accueil","item":"https:\/\/www.euraudit.org\/"},{"@type":"ListItem","position":2,"name":"Missions d&#8217;audit"}]},{"@type":"WebSite","@id":"https:\/\/www.euraudit.org\/#website","url":"https:\/\/www.euraudit.org\/","name":"Euraudit - Expertise comptable","description":"","publisher":{"@id":"https:\/\/www.euraudit.org\/#organization"},"potentialAction":[{"@type":"SearchAction","target":{"@type":"EntryPoint","urlTemplate":"https:\/\/www.euraudit.org\/?s={search_term_string}"},"query-input":{"@type":"PropertyValueSpecification","valueRequired":true,"valueName":"search_term_string"}}],"inLanguage":"fr-FR"},{"@type":"Organization","@id":"https:\/\/www.euraudit.org\/#organization","name":"Euraudit","url":"https:\/\/www.euraudit.org\/","logo":{"@type":"ImageObject","inLanguage":"fr-FR","@id":"https:\/\/www.euraudit.org\/#\/schema\/logo\/image\/","url":"https:\/\/www.euraudit.org\/wp-content\/uploads\/2016\/01\/logo.png","contentUrl":"https:\/\/www.euraudit.org\/wp-content\/uploads\/2016\/01\/logo.png","width":177,"height":40,"caption":"Euraudit"},"image":{"@id":"https:\/\/www.euraudit.org\/#\/schema\/logo\/image\/"},"sameAs":["https:\/\/www.facebook.com\/Euraudit-Expert-Comptable-492119364153726\/"]}]}},"_links":{"self":[{"href":"https:\/\/www.euraudit.org\/index.php\/wp-json\/wp\/v2\/pages\/48","targetHints":{"allow":["GET"]}}],"collection":[{"href":"https:\/\/www.euraudit.org\/index.php\/wp-json\/wp\/v2\/pages"}],"about":[{"href":"https:\/\/www.euraudit.org\/index.php\/wp-json\/wp\/v2\/types\/page"}],"author":[{"embeddable":true,"href":"https:\/\/www.euraudit.org\/index.php\/wp-json\/wp\/v2\/users\/1"}],"replies":[{"embeddable":true,"href":"https:\/\/www.euraudit.org\/index.php\/wp-json\/wp\/v2\/comments?post=48"}],"version-history":[{"count":12,"href":"https:\/\/www.euraudit.org\/index.php\/wp-json\/wp\/v2\/pages\/48\/revisions"}],"predecessor-version":[{"id":329,"href":"https:\/\/www.euraudit.org\/index.php\/wp-json\/wp\/v2\/pages\/48\/revisions\/329"}],"wp:attachment":[{"href":"https:\/\/www.euraudit.org\/index.php\/wp-json\/wp\/v2\/media?parent=48"}],"curies":[{"name":"wp","href":"https:\/\/api.w.org\/{rel}","templated":true}]}}