{"id":195,"date":"2016-03-25T12:21:25","date_gmt":"2016-03-25T11:21:25","guid":{"rendered":"http:\/\/www.euraudit.org\/?page_id=195"},"modified":"2022-03-14T10:17:58","modified_gmt":"2022-03-14T09:17:58","slug":"steuerberatung","status":"publish","type":"page","link":"https:\/\/www.euraudit.org\/index.php\/de\/steuerberatung\/","title":{"rendered":"Steuerberatung"},"content":{"rendered":"<div>\n<div id=\"left_menu\">\n<h3>Unser Leistungsspektrum<\/h3>\n<ul>\n<li><img loading=\"lazy\" decoding=\"async\" class=\"alignnone size-parallax_one_services wp-image-136\" src=\"http:\/\/www.euraudit.org\/wp-content\/uploads\/2016\/03\/audit-e1457695649558-60x62.png\" alt=\"audit\" width=\"30\" height=\"32\" srcset=\"https:\/\/www.euraudit.org\/wp-content\/uploads\/2016\/03\/audit-e1457695649558-60x62.png 60w, https:\/\/www.euraudit.org\/wp-content\/uploads\/2016\/03\/audit-e1457695649558-268x273.png 268w\" sizes=\"auto, (max-width: 30px) 100vw, 30px\" \/><a href=\"http:\/\/www.euraudit.org\/index.php\/de\/wirtshafstprufung\/ \">Wirtshafstpr\u00fcfung<\/a><\/li>\n<li class=\"current\"><img loading=\"lazy\" decoding=\"async\" class=\"alignnone size-parallax_one_services wp-image-137\" src=\"http:\/\/www.euraudit.org\/wp-content\/uploads\/2016\/03\/comptable-e1457695616213-60x62.png\" alt=\"comptable\" width=\"30\" height=\"32\" srcset=\"https:\/\/www.euraudit.org\/wp-content\/uploads\/2016\/03\/comptable-e1457695616213-60x62.png 60w, https:\/\/www.euraudit.org\/wp-content\/uploads\/2016\/03\/comptable-e1457695616213-268x273.png 268w\" sizes=\"auto, (max-width: 30px) 100vw, 30px\" \/><a href=\"http:\/\/www.euraudit.org\/index.php\/STEUERBERATUNG\/ \">Steuerberatung<\/a><\/li>\n<li><img decoding=\"async\" class=\"alignnone size-parallax_one_services wp-image-139\" src=\"http:\/\/www.euraudit.org\/wp-content\/uploads\/2016\/03\/gestion-60x62.png\" alt=\"gestion\" width=\"30\" srcset=\"https:\/\/www.euraudit.org\/wp-content\/uploads\/2016\/03\/gestion-60x62.png 60w, https:\/\/www.euraudit.org\/wp-content\/uploads\/2016\/03\/gestion-268x273.png 268w\" sizes=\"(max-width: 60px) 100vw, 60px\" \/><a href=\"http:\/\/www.euraudit.org\/index.php\/de\/unternehmens-und-geschaftsfuhrungsberatung\/\">Unternehmens-und Gesch\u00e4ftsf\u00fchrungsberatung <\/a><\/li>\n<li><img loading=\"lazy\" decoding=\"async\" class=\"alignnone size-parallax_one_services wp-image-159\" src=\"http:\/\/www.euraudit.org\/wp-content\/uploads\/2016\/03\/juridique-1-60x62.png\" alt=\"juridique\" width=\"30\" height=\"32\" srcset=\"https:\/\/www.euraudit.org\/wp-content\/uploads\/2016\/03\/juridique-1-60x62.png 60w, https:\/\/www.euraudit.org\/wp-content\/uploads\/2016\/03\/juridique-1-268x273.png 268w\" sizes=\"auto, (max-width: 30px) 100vw, 30px\" \/><a href=\"http:\/\/www.euraudit.org\/index.php\/GESELLSCHAFTSRECHT\/\">Gesellschaftsrecht<\/a><\/li>\n<li><img decoding=\"async\" class=\"alignnone size-parallax_one_services wp-image-131\" src=\"http:\/\/www.euraudit.org\/wp-content\/uploads\/2016\/03\/social-e1457695469478-60x62.png\" alt=\"social\" width=\"30\" srcset=\"https:\/\/www.euraudit.org\/wp-content\/uploads\/2016\/03\/social-e1457695469478-60x62.png 60w, https:\/\/www.euraudit.org\/wp-content\/uploads\/2016\/03\/social-e1457695469478-297x300.png 297w, https:\/\/www.euraudit.org\/wp-content\/uploads\/2016\/03\/social-e1457695469478-268x273.png 268w, https:\/\/www.euraudit.org\/wp-content\/uploads\/2016\/03\/social-e1457695469478.png 371w\" sizes=\"(max-width: 60px) 100vw, 60px\" \/><a href=\"http:\/\/www.euraudit.org\/index.php\/SOZIALWESEN\/\">Sozialwesen<\/a><\/li>\n<li><img decoding=\"async\" class=\"alignnone size-parallax_one_services wp-image-135\" src=\"http:\/\/www.euraudit.org\/wp-content\/uploads\/2016\/03\/fiscal-60x62.png\" alt=\"fiscal\" width=\"30\" srcset=\"https:\/\/www.euraudit.org\/wp-content\/uploads\/2016\/03\/fiscal-60x62.png 60w, https:\/\/www.euraudit.org\/wp-content\/uploads\/2016\/03\/fiscal-268x273.png 268w\" sizes=\"(max-width: 60px) 100vw, 60px\" \/><a href=\"http:\/\/www.euraudit.org\/index.php\/STEUERWESEN\/\">Steuerwesen<\/a><\/li>\n<\/ul>\n<\/div>\n<div id=\"page\">\n<p><img loading=\"lazy\" decoding=\"async\" class=\"alignnone size-full wp-image-27 aligncenter\" src=\"http:\/\/www.euraudit.org\/wp-content\/uploads\/2016\/01\/icones-1-e1453474876683.png\" alt=\"icones\" width=\"65\" height=\"84\" \/><\/p>\n<ul>\n<li>Aufbau und Einf\u00fchrung von Buchf\u00fchrungssysteme<\/li>\n<li>Buchhaltungsf\u00fchrung und\/oder \u00dcberwachung<\/li>\n<li>Pr\u00fcfung und Erstellung der Jahresabschl\u00fcsse<\/li>\n<li>Konsolidierung<\/li>\n<\/ul>\n<p><img loading=\"lazy\" decoding=\"async\" class=\"aligncenter wp-image-68 size-large\" src=\"http:\/\/www.euraudit.org\/wp-content\/uploads\/2016\/02\/dessus-banniere-ok-e1454946841489-1024x414.png\" alt=\"dessus banniere ok\" width=\"730\" height=\"295\" srcset=\"https:\/\/www.euraudit.org\/wp-content\/uploads\/2016\/02\/dessus-banniere-ok-e1454946841489-1024x414.png 1024w, https:\/\/www.euraudit.org\/wp-content\/uploads\/2016\/02\/dessus-banniere-ok-e1454946841489-300x121.png 300w, https:\/\/www.euraudit.org\/wp-content\/uploads\/2016\/02\/dessus-banniere-ok-e1454946841489-768x311.png 768w\" sizes=\"auto, (max-width: 730px) 100vw, 730px\" \/><\/p>\n<\/div>\n<\/div>\n","protected":false},"excerpt":{"rendered":"<p>Unser Leistungsspektrum Wirtshafstpr\u00fcfung Steuerberatung Unternehmens-und Gesch\u00e4ftsf\u00fchrungsberatung Gesellschaftsrecht Sozialwesen Steuerwesen Aufbau und Einf\u00fchrung von Buchf\u00fchrungssysteme Buchhaltungsf\u00fchrung und\/oder \u00dcberwachung Pr\u00fcfung und Erstellung der Jahresabschl\u00fcsse Konsolidierung<\/p>\n","protected":false},"author":1,"featured_media":0,"parent":0,"menu_order":0,"comment_status":"closed","ping_status":"closed","template":"","meta":{"footnotes":""},"class_list":["post-195","page","type-page","status-publish","hentry"],"yoast_head":"<!-- This site is optimized with the Yoast SEO plugin v25.4 - https:\/\/yoast.com\/wordpress\/plugins\/seo\/ -->\n<title>Steuerberatung -<\/title>\n<meta name=\"description\" content=\"Aufbau und Einf\u00fchrung von Buchf\u00fchrungssysteme - Pr\u00fcfung und Erstellung der Jahresabschl\u00fcsse - Konsolidierung\" \/>\n<meta name=\"robots\" content=\"index, follow, max-snippet:-1, max-image-preview:large, max-video-preview:-1\" \/>\n<link rel=\"canonical\" href=\"https:\/\/www.euraudit.org\/index.php\/de\/steuerberatung\/\" \/>\n<meta property=\"og:locale\" content=\"fr_FR\" \/>\n<meta property=\"og:type\" content=\"article\" \/>\n<meta property=\"og:title\" content=\"Euraudit - Expertise comptable - Buchhalter\" \/>\n<meta property=\"og:description\" content=\"Euraudit - Expertise comptable - Buchhalter : Buchhalter in Schiltigheim\" \/>\n<meta property=\"og:url\" content=\"https:\/\/www.euraudit.org\/index.php\/de\/steuerberatung\/\" \/>\n<meta property=\"og:site_name\" content=\"Euraudit - Expertise comptable\" \/>\n<meta property=\"article:publisher\" content=\"https:\/\/www.facebook.com\/Euraudit-Expert-Comptable-492119364153726\/\" \/>\n<meta property=\"article:modified_time\" content=\"2022-03-14T09:17:58+00:00\" \/>\n<meta property=\"og:image\" content=\"https:\/\/www.euraudit.org\/wp-content\/uploads\/2022\/03\/logo.jpg\" \/>\n\t<meta property=\"og:image:width\" content=\"970\" \/>\n\t<meta property=\"og:image:height\" content=\"350\" \/>\n\t<meta property=\"og:image:type\" content=\"image\/jpeg\" \/>\n<meta name=\"twitter:card\" content=\"summary_large_image\" \/>\n<meta name=\"twitter:label1\" content=\"Dur\u00e9e de lecture estim\u00e9e\" \/>\n\t<meta name=\"twitter:data1\" content=\"2 minutes\" \/>\n<script type=\"application\/ld+json\" class=\"yoast-schema-graph\">{\"@context\":\"https:\/\/schema.org\",\"@graph\":[{\"@type\":\"WebPage\",\"@id\":\"https:\/\/www.euraudit.org\/index.php\/de\/steuerberatung\/\",\"url\":\"https:\/\/www.euraudit.org\/index.php\/de\/steuerberatung\/\",\"name\":\"Steuerberatung -\",\"isPartOf\":{\"@id\":\"https:\/\/www.euraudit.org\/#website\"},\"primaryImageOfPage\":{\"@id\":\"https:\/\/www.euraudit.org\/index.php\/de\/steuerberatung\/#primaryimage\"},\"image\":{\"@id\":\"https:\/\/www.euraudit.org\/index.php\/de\/steuerberatung\/#primaryimage\"},\"thumbnailUrl\":\"http:\/\/www.euraudit.org\/wp-content\/uploads\/2016\/03\/audit-e1457695649558-60x62.png\",\"datePublished\":\"2016-03-25T11:21:25+00:00\",\"dateModified\":\"2022-03-14T09:17:58+00:00\",\"description\":\"Aufbau und Einf\u00fchrung von Buchf\u00fchrungssysteme - Pr\u00fcfung und Erstellung der Jahresabschl\u00fcsse - Konsolidierung\",\"breadcrumb\":{\"@id\":\"https:\/\/www.euraudit.org\/index.php\/de\/steuerberatung\/#breadcrumb\"},\"inLanguage\":\"fr-FR\",\"potentialAction\":[{\"@type\":\"ReadAction\",\"target\":[\"https:\/\/www.euraudit.org\/index.php\/de\/steuerberatung\/\"]}]},{\"@type\":\"ImageObject\",\"inLanguage\":\"fr-FR\",\"@id\":\"https:\/\/www.euraudit.org\/index.php\/de\/steuerberatung\/#primaryimage\",\"url\":\"https:\/\/www.euraudit.org\/wp-content\/uploads\/2016\/03\/audit-e1457695649558.png\",\"contentUrl\":\"https:\/\/www.euraudit.org\/wp-content\/uploads\/2016\/03\/audit-e1457695649558.png\",\"width\":360,\"height\":348,\"caption\":\"Mission d'audit\"},{\"@type\":\"BreadcrumbList\",\"@id\":\"https:\/\/www.euraudit.org\/index.php\/de\/steuerberatung\/#breadcrumb\",\"itemListElement\":[{\"@type\":\"ListItem\",\"position\":1,\"name\":\"Accueil\",\"item\":\"https:\/\/www.euraudit.org\/\"},{\"@type\":\"ListItem\",\"position\":2,\"name\":\"Steuerberatung\"}]},{\"@type\":\"WebSite\",\"@id\":\"https:\/\/www.euraudit.org\/#website\",\"url\":\"https:\/\/www.euraudit.org\/\",\"name\":\"Euraudit - Expertise comptable\",\"description\":\"\",\"publisher\":{\"@id\":\"https:\/\/www.euraudit.org\/#organization\"},\"potentialAction\":[{\"@type\":\"SearchAction\",\"target\":{\"@type\":\"EntryPoint\",\"urlTemplate\":\"https:\/\/www.euraudit.org\/?s={search_term_string}\"},\"query-input\":{\"@type\":\"PropertyValueSpecification\",\"valueRequired\":true,\"valueName\":\"search_term_string\"}}],\"inLanguage\":\"fr-FR\"},{\"@type\":\"Organization\",\"@id\":\"https:\/\/www.euraudit.org\/#organization\",\"name\":\"Euraudit\",\"url\":\"https:\/\/www.euraudit.org\/\",\"logo\":{\"@type\":\"ImageObject\",\"inLanguage\":\"fr-FR\",\"@id\":\"https:\/\/www.euraudit.org\/#\/schema\/logo\/image\/\",\"url\":\"https:\/\/www.euraudit.org\/wp-content\/uploads\/2016\/01\/logo.png\",\"contentUrl\":\"https:\/\/www.euraudit.org\/wp-content\/uploads\/2016\/01\/logo.png\",\"width\":177,\"height\":40,\"caption\":\"Euraudit\"},\"image\":{\"@id\":\"https:\/\/www.euraudit.org\/#\/schema\/logo\/image\/\"},\"sameAs\":[\"https:\/\/www.facebook.com\/Euraudit-Expert-Comptable-492119364153726\/\"]}]}<\/script>\n<!-- \/ Yoast SEO plugin. -->","yoast_head_json":{"title":"Steuerberatung -","description":"Aufbau und Einf\u00fchrung von Buchf\u00fchrungssysteme - Pr\u00fcfung und Erstellung der Jahresabschl\u00fcsse - Konsolidierung","robots":{"index":"index","follow":"follow","max-snippet":"max-snippet:-1","max-image-preview":"max-image-preview:large","max-video-preview":"max-video-preview:-1"},"canonical":"https:\/\/www.euraudit.org\/index.php\/de\/steuerberatung\/","og_locale":"fr_FR","og_type":"article","og_title":"Euraudit - Expertise comptable - Buchhalter","og_description":"Euraudit - Expertise comptable - Buchhalter : Buchhalter in Schiltigheim","og_url":"https:\/\/www.euraudit.org\/index.php\/de\/steuerberatung\/","og_site_name":"Euraudit - Expertise comptable","article_publisher":"https:\/\/www.facebook.com\/Euraudit-Expert-Comptable-492119364153726\/","article_modified_time":"2022-03-14T09:17:58+00:00","og_image":[{"width":970,"height":350,"url":"https:\/\/www.euraudit.org\/wp-content\/uploads\/2022\/03\/logo.jpg","type":"image\/jpeg"}],"twitter_card":"summary_large_image","twitter_misc":{"Dur\u00e9e de lecture estim\u00e9e":"2 minutes"},"schema":{"@context":"https:\/\/schema.org","@graph":[{"@type":"WebPage","@id":"https:\/\/www.euraudit.org\/index.php\/de\/steuerberatung\/","url":"https:\/\/www.euraudit.org\/index.php\/de\/steuerberatung\/","name":"Steuerberatung -","isPartOf":{"@id":"https:\/\/www.euraudit.org\/#website"},"primaryImageOfPage":{"@id":"https:\/\/www.euraudit.org\/index.php\/de\/steuerberatung\/#primaryimage"},"image":{"@id":"https:\/\/www.euraudit.org\/index.php\/de\/steuerberatung\/#primaryimage"},"thumbnailUrl":"http:\/\/www.euraudit.org\/wp-content\/uploads\/2016\/03\/audit-e1457695649558-60x62.png","datePublished":"2016-03-25T11:21:25+00:00","dateModified":"2022-03-14T09:17:58+00:00","description":"Aufbau und Einf\u00fchrung von Buchf\u00fchrungssysteme - Pr\u00fcfung und Erstellung der Jahresabschl\u00fcsse - Konsolidierung","breadcrumb":{"@id":"https:\/\/www.euraudit.org\/index.php\/de\/steuerberatung\/#breadcrumb"},"inLanguage":"fr-FR","potentialAction":[{"@type":"ReadAction","target":["https:\/\/www.euraudit.org\/index.php\/de\/steuerberatung\/"]}]},{"@type":"ImageObject","inLanguage":"fr-FR","@id":"https:\/\/www.euraudit.org\/index.php\/de\/steuerberatung\/#primaryimage","url":"https:\/\/www.euraudit.org\/wp-content\/uploads\/2016\/03\/audit-e1457695649558.png","contentUrl":"https:\/\/www.euraudit.org\/wp-content\/uploads\/2016\/03\/audit-e1457695649558.png","width":360,"height":348,"caption":"Mission d'audit"},{"@type":"BreadcrumbList","@id":"https:\/\/www.euraudit.org\/index.php\/de\/steuerberatung\/#breadcrumb","itemListElement":[{"@type":"ListItem","position":1,"name":"Accueil","item":"https:\/\/www.euraudit.org\/"},{"@type":"ListItem","position":2,"name":"Steuerberatung"}]},{"@type":"WebSite","@id":"https:\/\/www.euraudit.org\/#website","url":"https:\/\/www.euraudit.org\/","name":"Euraudit - Expertise comptable","description":"","publisher":{"@id":"https:\/\/www.euraudit.org\/#organization"},"potentialAction":[{"@type":"SearchAction","target":{"@type":"EntryPoint","urlTemplate":"https:\/\/www.euraudit.org\/?s={search_term_string}"},"query-input":{"@type":"PropertyValueSpecification","valueRequired":true,"valueName":"search_term_string"}}],"inLanguage":"fr-FR"},{"@type":"Organization","@id":"https:\/\/www.euraudit.org\/#organization","name":"Euraudit","url":"https:\/\/www.euraudit.org\/","logo":{"@type":"ImageObject","inLanguage":"fr-FR","@id":"https:\/\/www.euraudit.org\/#\/schema\/logo\/image\/","url":"https:\/\/www.euraudit.org\/wp-content\/uploads\/2016\/01\/logo.png","contentUrl":"https:\/\/www.euraudit.org\/wp-content\/uploads\/2016\/01\/logo.png","width":177,"height":40,"caption":"Euraudit"},"image":{"@id":"https:\/\/www.euraudit.org\/#\/schema\/logo\/image\/"},"sameAs":["https:\/\/www.facebook.com\/Euraudit-Expert-Comptable-492119364153726\/"]}]}},"_links":{"self":[{"href":"https:\/\/www.euraudit.org\/index.php\/wp-json\/wp\/v2\/pages\/195","targetHints":{"allow":["GET"]}}],"collection":[{"href":"https:\/\/www.euraudit.org\/index.php\/wp-json\/wp\/v2\/pages"}],"about":[{"href":"https:\/\/www.euraudit.org\/index.php\/wp-json\/wp\/v2\/types\/page"}],"author":[{"embeddable":true,"href":"https:\/\/www.euraudit.org\/index.php\/wp-json\/wp\/v2\/users\/1"}],"replies":[{"embeddable":true,"href":"https:\/\/www.euraudit.org\/index.php\/wp-json\/wp\/v2\/comments?post=195"}],"version-history":[{"count":10,"href":"https:\/\/www.euraudit.org\/index.php\/wp-json\/wp\/v2\/pages\/195\/revisions"}],"predecessor-version":[{"id":347,"href":"https:\/\/www.euraudit.org\/index.php\/wp-json\/wp\/v2\/pages\/195\/revisions\/347"}],"wp:attachment":[{"href":"https:\/\/www.euraudit.org\/index.php\/wp-json\/wp\/v2\/media?parent=195"}],"curies":[{"name":"wp","href":"https:\/\/api.w.org\/{rel}","templated":true}]}}